{"id":48,"date":"2019-01-11T06:15:17","date_gmt":"2019-01-11T06:15:17","guid":{"rendered":"http:\/\/localhost\/panel\/xpeedstudio\/wp\/automobil\/?page_id=48"},"modified":"2023-06-01T12:03:20","modified_gmt":"2023-06-01T12:03:20","slug":"is-alanimiz-galeri","status":"publish","type":"page","link":"https:\/\/adanacanpompa.com\/?page_id=48","title":{"rendered":"\u0130\u015f Yerimiz"},"content":{"rendered":"\t\t<div data-elementor-type=\"wp-post\" data-elementor-id=\"48\" class=\"elementor elementor-48\">\n\t\t\t\t\t\t<section class=\"elementor-section elementor-top-section elementor-element elementor-element-14b3bfd elementor-section-boxed elementor-section-height-default elementor-section-height-default\" data-id=\"14b3bfd\" data-element_type=\"section\">\n\t\t\t\t\t\t<div class=\"elementor-container elementor-column-gap-default\">\n\t\t\t\t\t<div class=\"elementor-column elementor-col-100 elementor-top-column elementor-element elementor-element-195a01b\" data-id=\"195a01b\" data-element_type=\"column\">\n\t\t\t<div class=\"elementor-widget-wrap elementor-element-populated\">\n\t\t\t\t\t\t<div class=\"elementor-element elementor-element-cf7431c elementor-widget elementor-widget-autrics-title\" data-id=\"cf7431c\" data-element_type=\"widget\" data-widget_type=\"autrics-title.default\">\n\t\t\t\t<div class=\"elementor-widget-container\">\n\t\t\t              <div class=\"title-section-area\">\n\t           <h2 class=\"section-title\">\n                  <span>\u0130\u015f<\/span> Alan\u0131m\u0131zdan G\u00f6r\u00fcnt\u00fcler\t\t\t   <\/h2>\n      <\/div><!-- Section title -->\t\t\n       \n      \n    \t\t<\/div>\n\t\t\t\t<\/div>\n\t\t\t\t\t<\/div>\n\t\t<\/div>\n\t\t\t\t\t<\/div>\n\t\t<\/section>\n\t\t\t\t<section class=\"elementor-section elementor-top-section elementor-element elementor-element-0960bc0 elementor-section-boxed elementor-section-height-default elementor-section-height-default\" data-id=\"0960bc0\" data-element_type=\"section\">\n\t\t\t\t\t\t<div class=\"elementor-container elementor-column-gap-default\">\n\t\t\t\t\t<div class=\"elementor-column elementor-col-100 elementor-top-column elementor-element elementor-element-ba6ba23\" data-id=\"ba6ba23\" data-element_type=\"column\">\n\t\t\t<div class=\"elementor-widget-wrap elementor-element-populated\">\n\t\t\t\t\t\t<div class=\"elementor-element elementor-element-7d60ab9 gallery-spacing-custom elementor-widget elementor-widget-image-gallery\" data-id=\"7d60ab9\" data-element_type=\"widget\" data-widget_type=\"image-gallery.default\">\n\t\t\t\t<div class=\"elementor-widget-container\">\n\t\t\t\t\t<div class=\"elementor-image-gallery\">\n\t\t\t<div id='gallery-1' class='gallery galleryid-48 gallery-columns-3 gallery-size-medium_large'><figure class='gallery-item'>\n\t\t\t<div class='gallery-icon landscape'>\n\t\t\t\t<a data-elementor-open-lightbox=\"yes\" data-elementor-lightbox-slideshow=\"7d60ab9\" data-elementor-lightbox-title=\"can-pompa-galeri-1\" data-e-action-hash=\"#elementor-action%3Aaction%3Dlightbox%26settings%3DeyJpZCI6MjMxOSwidXJsIjoiaHR0cHM6XC9cL2FkYW5hY2FucG9tcGEuY29tXC93cC1jb250ZW50XC91cGxvYWRzXC8yMDIzXC8wNVwvY2FuLXBvbXBhLWdhbGVyaS0xLmpwZyIsInNsaWRlc2hvdyI6IjdkNjBhYjkifQ%3D%3D\" href='https:\/\/adanacanpompa.com\/wp-content\/uploads\/2023\/05\/can-pompa-galeri-1.jpg'><img fetchpriority=\"high\" decoding=\"async\" width=\"500\" height=\"357\" src=\"https:\/\/adanacanpompa.com\/wp-content\/uploads\/2023\/05\/can-pompa-galeri-1.jpg\" class=\"attachment-medium_large size-medium_large\" alt=\"\" srcset=\"https:\/\/adanacanpompa.com\/wp-content\/uploads\/2023\/05\/can-pompa-galeri-1.jpg 500w, https:\/\/adanacanpompa.com\/wp-content\/uploads\/2023\/05\/can-pompa-galeri-1-300x214.jpg 300w\" sizes=\"(max-width: 500px) 100vw, 500px\" \/><\/a>\n\t\t\t<\/div><\/figure><figure class='gallery-item'>\n\t\t\t<div class='gallery-icon landscape'>\n\t\t\t\t<a data-elementor-open-lightbox=\"yes\" data-elementor-lightbox-slideshow=\"7d60ab9\" data-elementor-lightbox-title=\"can-pompa-galeri-2\" data-e-action-hash=\"#elementor-action%3Aaction%3Dlightbox%26settings%3DeyJpZCI6MjMyMCwidXJsIjoiaHR0cHM6XC9cL2FkYW5hY2FucG9tcGEuY29tXC93cC1jb250ZW50XC91cGxvYWRzXC8yMDIzXC8wNVwvY2FuLXBvbXBhLWdhbGVyaS0yLmpwZyIsInNsaWRlc2hvdyI6IjdkNjBhYjkifQ%3D%3D\" href='https:\/\/adanacanpompa.com\/wp-content\/uploads\/2023\/05\/can-pompa-galeri-2.jpg'><img decoding=\"async\" width=\"500\" height=\"357\" src=\"https:\/\/adanacanpompa.com\/wp-content\/uploads\/2023\/05\/can-pompa-galeri-2.jpg\" class=\"attachment-medium_large size-medium_large\" alt=\"\" srcset=\"https:\/\/adanacanpompa.com\/wp-content\/uploads\/2023\/05\/can-pompa-galeri-2.jpg 500w, https:\/\/adanacanpompa.com\/wp-content\/uploads\/2023\/05\/can-pompa-galeri-2-300x214.jpg 300w\" sizes=\"(max-width: 500px) 100vw, 500px\" \/><\/a>\n\t\t\t<\/div><\/figure><figure class='gallery-item'>\n\t\t\t<div class='gallery-icon landscape'>\n\t\t\t\t<a data-elementor-open-lightbox=\"yes\" data-elementor-lightbox-slideshow=\"7d60ab9\" data-elementor-lightbox-title=\"can-pompa-galeri-3\" data-e-action-hash=\"#elementor-action%3Aaction%3Dlightbox%26settings%3DeyJpZCI6MjMyMSwidXJsIjoiaHR0cHM6XC9cL2FkYW5hY2FucG9tcGEuY29tXC93cC1jb250ZW50XC91cGxvYWRzXC8yMDIzXC8wNVwvY2FuLXBvbXBhLWdhbGVyaS0zLmpwZyIsInNsaWRlc2hvdyI6IjdkNjBhYjkifQ%3D%3D\" href='https:\/\/adanacanpompa.com\/wp-content\/uploads\/2023\/05\/can-pompa-galeri-3.jpg'><img decoding=\"async\" width=\"500\" height=\"357\" src=\"https:\/\/adanacanpompa.com\/wp-content\/uploads\/2023\/05\/can-pompa-galeri-3.jpg\" class=\"attachment-medium_large size-medium_large\" alt=\"\" srcset=\"https:\/\/adanacanpompa.com\/wp-content\/uploads\/2023\/05\/can-pompa-galeri-3.jpg 500w, https:\/\/adanacanpompa.com\/wp-content\/uploads\/2023\/05\/can-pompa-galeri-3-300x214.jpg 300w\" sizes=\"(max-width: 500px) 100vw, 500px\" \/><\/a>\n\t\t\t<\/div><\/figure><figure class='gallery-item'>\n\t\t\t<div class='gallery-icon landscape'>\n\t\t\t\t<a data-elementor-open-lightbox=\"yes\" data-elementor-lightbox-slideshow=\"7d60ab9\" data-elementor-lightbox-title=\"can-pompa-galeri-4\" data-e-action-hash=\"#elementor-action%3Aaction%3Dlightbox%26settings%3DeyJpZCI6MjMyMiwidXJsIjoiaHR0cHM6XC9cL2FkYW5hY2FucG9tcGEuY29tXC93cC1jb250ZW50XC91cGxvYWRzXC8yMDIzXC8wNVwvY2FuLXBvbXBhLWdhbGVyaS00LmpwZyIsInNsaWRlc2hvdyI6IjdkNjBhYjkifQ%3D%3D\" href='https:\/\/adanacanpompa.com\/wp-content\/uploads\/2023\/05\/can-pompa-galeri-4.jpg'><img loading=\"lazy\" decoding=\"async\" width=\"500\" height=\"357\" src=\"https:\/\/adanacanpompa.com\/wp-content\/uploads\/2023\/05\/can-pompa-galeri-4.jpg\" class=\"attachment-medium_large size-medium_large\" alt=\"\" srcset=\"https:\/\/adanacanpompa.com\/wp-content\/uploads\/2023\/05\/can-pompa-galeri-4.jpg 500w, https:\/\/adanacanpompa.com\/wp-content\/uploads\/2023\/05\/can-pompa-galeri-4-300x214.jpg 300w\" sizes=\"(max-width: 500px) 100vw, 500px\" \/><\/a>\n\t\t\t<\/div><\/figure><figure class='gallery-item'>\n\t\t\t<div class='gallery-icon landscape'>\n\t\t\t\t<a data-elementor-open-lightbox=\"yes\" data-elementor-lightbox-slideshow=\"7d60ab9\" data-elementor-lightbox-title=\"can-pompa-galeri-5\" data-e-action-hash=\"#elementor-action%3Aaction%3Dlightbox%26settings%3DeyJpZCI6MjMyMywidXJsIjoiaHR0cHM6XC9cL2FkYW5hY2FucG9tcGEuY29tXC93cC1jb250ZW50XC91cGxvYWRzXC8yMDIzXC8wNVwvY2FuLXBvbXBhLWdhbGVyaS01LmpwZyIsInNsaWRlc2hvdyI6IjdkNjBhYjkifQ%3D%3D\" href='https:\/\/adanacanpompa.com\/wp-content\/uploads\/2023\/05\/can-pompa-galeri-5.jpg'><img loading=\"lazy\" decoding=\"async\" width=\"500\" height=\"357\" src=\"https:\/\/adanacanpompa.com\/wp-content\/uploads\/2023\/05\/can-pompa-galeri-5.jpg\" class=\"attachment-medium_large size-medium_large\" alt=\"\" srcset=\"https:\/\/adanacanpompa.com\/wp-content\/uploads\/2023\/05\/can-pompa-galeri-5.jpg 500w, https:\/\/adanacanpompa.com\/wp-content\/uploads\/2023\/05\/can-pompa-galeri-5-300x214.jpg 300w\" sizes=\"(max-width: 500px) 100vw, 500px\" \/><\/a>\n\t\t\t<\/div><\/figure><figure class='gallery-item'>\n\t\t\t<div class='gallery-icon landscape'>\n\t\t\t\t<a data-elementor-open-lightbox=\"yes\" data-elementor-lightbox-slideshow=\"7d60ab9\" data-elementor-lightbox-title=\"can-pompa-galeri-6\" data-e-action-hash=\"#elementor-action%3Aaction%3Dlightbox%26settings%3DeyJpZCI6MjMyNCwidXJsIjoiaHR0cHM6XC9cL2FkYW5hY2FucG9tcGEuY29tXC93cC1jb250ZW50XC91cGxvYWRzXC8yMDIzXC8wNVwvY2FuLXBvbXBhLWdhbGVyaS02LmpwZyIsInNsaWRlc2hvdyI6IjdkNjBhYjkifQ%3D%3D\" href='https:\/\/adanacanpompa.com\/wp-content\/uploads\/2023\/05\/can-pompa-galeri-6.jpg'><img loading=\"lazy\" decoding=\"async\" width=\"500\" height=\"357\" src=\"https:\/\/adanacanpompa.com\/wp-content\/uploads\/2023\/05\/can-pompa-galeri-6.jpg\" class=\"attachment-medium_large size-medium_large\" alt=\"\" srcset=\"https:\/\/adanacanpompa.com\/wp-content\/uploads\/2023\/05\/can-pompa-galeri-6.jpg 500w, https:\/\/adanacanpompa.com\/wp-content\/uploads\/2023\/05\/can-pompa-galeri-6-300x214.jpg 300w\" sizes=\"(max-width: 500px) 100vw, 500px\" \/><\/a>\n\t\t\t<\/div><\/figure><figure class='gallery-item'>\n\t\t\t<div class='gallery-icon landscape'>\n\t\t\t\t<a data-elementor-open-lightbox=\"yes\" data-elementor-lightbox-slideshow=\"7d60ab9\" data-elementor-lightbox-title=\"can-pompa-galeri-7\" data-e-action-hash=\"#elementor-action%3Aaction%3Dlightbox%26settings%3DeyJpZCI6MjMyNSwidXJsIjoiaHR0cHM6XC9cL2FkYW5hY2FucG9tcGEuY29tXC93cC1jb250ZW50XC91cGxvYWRzXC8yMDIzXC8wNVwvY2FuLXBvbXBhLWdhbGVyaS03LmpwZyIsInNsaWRlc2hvdyI6IjdkNjBhYjkifQ%3D%3D\" href='https:\/\/adanacanpompa.com\/wp-content\/uploads\/2023\/05\/can-pompa-galeri-7.jpg'><img loading=\"lazy\" decoding=\"async\" width=\"500\" height=\"357\" src=\"https:\/\/adanacanpompa.com\/wp-content\/uploads\/2023\/05\/can-pompa-galeri-7.jpg\" class=\"attachment-medium_large size-medium_large\" alt=\"\" srcset=\"https:\/\/adanacanpompa.com\/wp-content\/uploads\/2023\/05\/can-pompa-galeri-7.jpg 500w, https:\/\/adanacanpompa.com\/wp-content\/uploads\/2023\/05\/can-pompa-galeri-7-300x214.jpg 300w\" sizes=\"(max-width: 500px) 100vw, 500px\" \/><\/a>\n\t\t\t<\/div><\/figure><figure class='gallery-item'>\n\t\t\t<div class='gallery-icon landscape'>\n\t\t\t\t<a data-elementor-open-lightbox=\"yes\" data-elementor-lightbox-slideshow=\"7d60ab9\" data-elementor-lightbox-title=\"can-pompa-galeri-8\" data-e-action-hash=\"#elementor-action%3Aaction%3Dlightbox%26settings%3DeyJpZCI6MjMyNiwidXJsIjoiaHR0cHM6XC9cL2FkYW5hY2FucG9tcGEuY29tXC93cC1jb250ZW50XC91cGxvYWRzXC8yMDIzXC8wNVwvY2FuLXBvbXBhLWdhbGVyaS04LmpwZyIsInNsaWRlc2hvdyI6IjdkNjBhYjkifQ%3D%3D\" href='https:\/\/adanacanpompa.com\/wp-content\/uploads\/2023\/05\/can-pompa-galeri-8.jpg'><img loading=\"lazy\" decoding=\"async\" width=\"500\" height=\"357\" src=\"https:\/\/adanacanpompa.com\/wp-content\/uploads\/2023\/05\/can-pompa-galeri-8.jpg\" class=\"attachment-medium_large size-medium_large\" alt=\"\" srcset=\"https:\/\/adanacanpompa.com\/wp-content\/uploads\/2023\/05\/can-pompa-galeri-8.jpg 500w, https:\/\/adanacanpompa.com\/wp-content\/uploads\/2023\/05\/can-pompa-galeri-8-300x214.jpg 300w\" sizes=\"(max-width: 500px) 100vw, 500px\" \/><\/a>\n\t\t\t<\/div><\/figure><figure class='gallery-item'>\n\t\t\t<div class='gallery-icon landscape'>\n\t\t\t\t<a data-elementor-open-lightbox=\"yes\" data-elementor-lightbox-slideshow=\"7d60ab9\" data-elementor-lightbox-title=\"can-pompa-galeri-9\" data-e-action-hash=\"#elementor-action%3Aaction%3Dlightbox%26settings%3DeyJpZCI6MjMyNywidXJsIjoiaHR0cHM6XC9cL2FkYW5hY2FucG9tcGEuY29tXC93cC1jb250ZW50XC91cGxvYWRzXC8yMDIzXC8wNVwvY2FuLXBvbXBhLWdhbGVyaS05LmpwZyIsInNsaWRlc2hvdyI6IjdkNjBhYjkifQ%3D%3D\" href='https:\/\/adanacanpompa.com\/wp-content\/uploads\/2023\/05\/can-pompa-galeri-9.jpg'><img loading=\"lazy\" decoding=\"async\" width=\"500\" height=\"357\" src=\"https:\/\/adanacanpompa.com\/wp-content\/uploads\/2023\/05\/can-pompa-galeri-9.jpg\" class=\"attachment-medium_large size-medium_large\" alt=\"\" srcset=\"https:\/\/adanacanpompa.com\/wp-content\/uploads\/2023\/05\/can-pompa-galeri-9.jpg 500w, https:\/\/adanacanpompa.com\/wp-content\/uploads\/2023\/05\/can-pompa-galeri-9-300x214.jpg 300w\" sizes=\"(max-width: 500px) 100vw, 500px\" \/><\/a>\n\t\t\t<\/div><\/figure>\n\t\t<\/div>\n\t\t<\/div>\n\t\t\t\t<\/div>\n\t\t\t\t<\/div>\n\t\t\t\t\t<\/div>\n\t\t<\/div>\n\t\t\t\t\t<\/div>\n\t\t<\/section>\n\t\t\t\t<section class=\"elementor-section elementor-top-section elementor-element elementor-element-7d3560e elementor-section-boxed elementor-section-height-default elementor-section-height-default\" data-id=\"7d3560e\" data-element_type=\"section\">\n\t\t\t\t\t\t<div class=\"elementor-container elementor-column-gap-default\">\n\t\t\t\t\t<div class=\"elementor-column elementor-col-100 elementor-top-column elementor-element elementor-element-3377bd0\" data-id=\"3377bd0\" data-element_type=\"column\">\n\t\t\t<div class=\"elementor-widget-wrap elementor-element-populated\">\n\t\t\t\t\t\t<div class=\"elementor-element elementor-element-f44c257 elementor-widget elementor-widget-autrics-process\" data-id=\"f44c257\" data-element_type=\"widget\" data-widget_type=\"autrics-process.default\">\n\t\t\t\t<div class=\"elementor-widget-container\">\n\t\t\t      \t    \t\n         \n\t\t<div class=\"row footer-top\">\n               <div class=\"col-md-4 footer-box\">\n                  <i class=\"icon icon-home\"><\/i>\n                  <div class=\"footer-box-content\">\n                     <h3>Adresimiz<\/h3>\n                     <p>Cumhuriyet, 771. Sk. No:27 Y\u00fcre\u011fir \/ Adana<\/p>\n                  <\/div>\n\t\t\t\t  <span class=\"angle-shap\"><\/span>\n               <\/div><!-- Box 1 end-->\n\t\t\t   <div class=\"col-md-4 footer-box\">\n                  <i class=\"icon icon-phone1\"><\/i>\n                  <div class=\"footer-box-content\">\n                     <h3>Bizi Aray\u0131n<\/h3>\n                     <p>+(90) 532 461 1289<\/p>\n                  <\/div>\n\t\t\t\t  <span class=\"angle-shap\"><\/span>\n\t\t\t\n               <\/div><!-- Box 1 end-->\n\t\t\t   <div class=\"col-md-4 footer-box\">\n                  <i class=\"icon icon-envelope1\"><\/i>\n                  <div class=\"footer-box-content\">\n                     <h3>7\/24 Ula\u015f\u0131n<\/h3>\n                     <p>info@adanacanpompa.com<\/p>\n                  <\/div>\n               <\/div><!-- Box 1 end-->\n         <\/div><!-- Content row end--> \n\n\t          \n     \t\t<\/div>\n\t\t\t\t<\/div>\n\t\t\t\t\t<\/div>\n\t\t<\/div>\n\t\t\t\t\t<\/div>\n\t\t<\/section>\n\t\t\t\t<\/div>\n\t\t","protected":false},"excerpt":{"rendered":"<p>\u0130\u015f Alan\u0131m\u0131zdan G\u00f6r\u00fcnt\u00fcler Adresimiz Cumhuriyet, 771. Sk. No:27 Y\u00fcre\u011fir \/ Adana Bizi Aray\u0131n +(90) 532 461 1289 7\/24 Ula\u015f\u0131n info@adanacanpompa.com<\/p>\n","protected":false},"author":1,"featured_media":0,"parent":0,"menu_order":0,"comment_status":"closed","ping_status":"closed","template":"template\/full-width-template.php","meta":{"footnotes":""},"class_list":["post-48","page","type-page","status-publish","hentry"],"aioseo_notices":[],"_links":{"self":[{"href":"https:\/\/adanacanpompa.com\/index.php?rest_route=\/wp\/v2\/pages\/48","targetHints":{"allow":["GET"]}}],"collection":[{"href":"https:\/\/adanacanpompa.com\/index.php?rest_route=\/wp\/v2\/pages"}],"about":[{"href":"https:\/\/adanacanpompa.com\/index.php?rest_route=\/wp\/v2\/types\/page"}],"author":[{"embeddable":true,"href":"https:\/\/adanacanpompa.com\/index.php?rest_route=\/wp\/v2\/users\/1"}],"replies":[{"embeddable":true,"href":"https:\/\/adanacanpompa.com\/index.php?rest_route=%2Fwp%2Fv2%2Fcomments&post=48"}],"version-history":[{"count":9,"href":"https:\/\/adanacanpompa.com\/index.php?rest_route=\/wp\/v2\/pages\/48\/revisions"}],"predecessor-version":[{"id":2355,"href":"https:\/\/adanacanpompa.com\/index.php?rest_route=\/wp\/v2\/pages\/48\/revisions\/2355"}],"wp:attachment":[{"href":"https:\/\/adanacanpompa.com\/index.php?rest_route=%2Fwp%2Fv2%2Fmedia&parent=48"}],"curies":[{"name":"wp","href":"https:\/\/api.w.org\/{rel}","templated":true}]}}